{"id":64,"date":"2020-09-28T20:23:54","date_gmt":"2020-09-28T20:23:54","guid":{"rendered":"http:\/\/smartinformationexperts.org\/?page_id=64"},"modified":"2023-11-13T18:17:37","modified_gmt":"2023-11-13T18:17:37","slug":"ueber-uns","status":"publish","type":"page","link":"https:\/\/smartinformationexperts.org\/?page_id=64","title":{"rendered":"\u00dcber SIX Group"},"content":{"rendered":"\n<p>Wir sind die <strong>Smart Information eXperts<\/strong> \u2013 kurz: <strong>SIX<\/strong>.\u00a0<\/p>\n\n\n\n<p>Warum <strong>SIX<\/strong>? Weil sich \u2013 es war bereits im Jahr 2018 \u2013 sechs Partner vernetzt haben. Heute verstehen wir uns als Thinktank. Gemeinsam entwickeln wir anwendungsfreundliche L\u00f6sungen, um digital vorliegende Inhalte leicht zug\u00e4nglich bereitzustellen. Zum Beispiel \u00fcber ein Portal im Internet oder in einer App. Die L\u00f6sungen sollen simpel aussehen, auch wenn im Hintergrund komplexe Prozesse ablaufen m\u00fcssen. Keine aufwendige Suche mehr, trotzdem alle Informationen, die in dem Moment relevant sind. Das ist das Ziel.<\/p>\n\n\n\n<p>Zu uns <strong>SIX <\/strong>geh\u00f6ren zwei Technologiepartner und vier Dienstleistungsunternehmen. <a href=\"https:\/\/www.squidds.de\" data-type=\"URL\" data-id=\"https:\/\/www.squidds.de\" target=\"_blank\" rel=\"noopener\"><strong>SQUIDDS<\/strong><\/a> und  <a href=\"https:\/\/c-rex.net\" data-type=\"URL\" data-id=\"https:\/\/c-rex.net\" target=\"_blank\" rel=\"noopener\"><strong>c-rex.net<\/strong><\/a> entwickeln die Technik und sorgen mit den richtigen Prozessen daf\u00fcr, dass die ben\u00f6tigten Inhalte pr\u00e4sentiert werden. Die smarten Inhalte selbst erstellen <a href=\"https:\/\/www.commatec.de\/\" target=\"_blank\" rel=\"noopener\"><strong>commatec<\/strong><\/a>, <a href=\"https:\/\/www.linkedin.com\/in\/dietergust\/?originalSubdomain=de\" target=\"_blank\" rel=\"noopener\"><strong>Dieter Gust Design<\/strong><\/a>, <a href=\"https:\/\/profthiele.jimdo.com\/\" target=\"_blank\" rel=\"noopener\"><strong>Thiele <\/strong><\/a><strong><a href=\"https:\/\/profthiele.jimdo.com\/\" target=\"_blank\" rel=\"noopener\">Dokumentation<\/a> <\/strong>und <a href=\"https:\/\/zindel.de\" data-type=\"URL\" data-id=\"https:\/\/zindel.de\" target=\"_blank\" rel=\"noopener\"><strong>ZINDEL<\/strong><\/a>. <\/p>\n\n\n\n<p>Unsere sechs Firmen arbeiten partnerschaftlich zusammen. Wir b\u00fcndeln unsere St\u00e4rken \u2013 um Ihr Projekt erfolgreich zum Ziel zu bringen. Wir beraten Sie und finden f\u00fcr Sie die richtige L\u00f6sung. Bei Bedarf entwickeln wir f\u00fcr Sie ein ma\u00dfgeschneidertes Produkt.\u00a0<\/p>\n\n\n\n<p><\/p>\n\n\n\n<figure class=\"wp-block-image size-large is-resized\"><a href=\"https:\/\/www.commatec.de\/\" target=\"_blank\" rel=\"noopener\"><img loading=\"lazy\" decoding=\"async\" src=\"http:\/\/smartinformationexperts.org\/wp-content\/uploads\/2020\/04\/commatec_logo.png\" alt=\"commatec\" class=\"wp-image-16\" width=\"225\" height=\"49\"\/><\/a><\/figure>\n\n\n\n<figure class=\"wp-block-image size-medium is-resized\"><a href=\"https:\/\/c-rex.net\/\" target=\"_blank\" rel=\"noopener\"><img loading=\"lazy\" decoding=\"async\" src=\"http:\/\/smartinformationexperts.org\/wp-content\/uploads\/2020\/04\/c-rexlogo-300x170.png\" alt=\"c-rex\" class=\"wp-image-17\" width=\"218\" height=\"124\" srcset=\"https:\/\/smartinformationexperts.org\/wp-content\/uploads\/2020\/04\/c-rexlogo-300x170.png 300w, https:\/\/smartinformationexperts.org\/wp-content\/uploads\/2020\/04\/c-rexlogo.png 500w\" sizes=\"(max-width: 218px) 100vw, 218px\" \/><\/a><\/figure>\n\n\n\n<figure class=\"wp-block-image size-full is-resized\"><a href=\"https:\/\/www.linkedin.com\/in\/dietergust\/?originalSubdomain=de\" target=\"_blank\" rel=\"noopener\"><img loading=\"lazy\" decoding=\"async\" src=\"http:\/\/smartinformationexperts.org\/wp-content\/uploads\/2023\/11\/LogoDieterGust2023.png\" alt=\"\" class=\"wp-image-162\" width=\"225\" height=\"80\" srcset=\"https:\/\/smartinformationexperts.org\/wp-content\/uploads\/2023\/11\/LogoDieterGust2023.png 898w, https:\/\/smartinformationexperts.org\/wp-content\/uploads\/2023\/11\/LogoDieterGust2023-300x107.png 300w, https:\/\/smartinformationexperts.org\/wp-content\/uploads\/2023\/11\/LogoDieterGust2023-768x275.png 768w\" sizes=\"(max-width: 225px) 100vw, 225px\" \/><\/a><\/figure>\n\n\n\n<figure class=\"wp-block-image size-large\"><a href=\"https:\/\/www.squidds.de\/webinare-coaching\/smart-information\/\" target=\"_blank\" rel=\"noopener\"><img loading=\"lazy\" decoding=\"async\" width=\"226\" height=\"98\" src=\"http:\/\/smartinformationexperts.org\/wp-content\/uploads\/2020\/04\/squidds.png\" alt=\"SQUIDDS\" class=\"wp-image-28\"\/><\/a><\/figure>\n\n\n\n<figure class=\"wp-block-image size-full is-resized\"><a href=\"https:\/\/profthiele.jimdo.com\/\" target=\"_blank\" rel=\"noopener\"><img loading=\"lazy\" decoding=\"async\" src=\"http:\/\/smartinformationexperts.org\/wp-content\/uploads\/2023\/02\/UlrichThiele2022.png\" alt=\"\" class=\"wp-image-154\" width=\"205\" height=\"212\"\/><\/a><\/figure>\n\n\n\n<figure class=\"wp-block-image size-large is-resized\"><a href=\"https:\/\/www.zindel.de\/de\/aktuelles\/artikel\/smarte-informationen-der-six-119.html\" target=\"_blank\" rel=\"noopener\"><img loading=\"lazy\" decoding=\"async\" src=\"http:\/\/smartinformationexperts.org\/wp-content\/uploads\/2020\/04\/zindel-logo@2x.png\" alt=\"Zindel AG\" class=\"wp-image-20\" width=\"202\" height=\"50\" srcset=\"https:\/\/smartinformationexperts.org\/wp-content\/uploads\/2020\/04\/zindel-logo@2x.png 439w, https:\/\/smartinformationexperts.org\/wp-content\/uploads\/2020\/04\/zindel-logo@2x-300x74.png 300w\" sizes=\"(max-width: 202px) 100vw, 202px\" \/><\/a><\/figure>\n","protected":false},"excerpt":{"rendered":"<p>Wir sind die Smart Information eXperts \u2013 kurz: SIX.\u00a0 Warum SIX? Weil sich \u2013 es war bereits im Jahr 2018 \u2013 sechs Partner vernetzt haben. Heute verstehen wir uns als Thinktank. Gemeinsam entwickeln wir anwendungsfreundliche L\u00f6sungen, um digital vorliegende Inhalte leicht zug\u00e4nglich bereitzustellen. Zum Beispiel \u00fcber ein Portal im Internet oder in einer App. Die [&hellip;]<\/p>\n","protected":false},"author":1,"featured_media":0,"parent":0,"menu_order":0,"comment_status":"closed","ping_status":"closed","template":"","meta":{"footnotes":""},"class_list":["post-64","page","type-page","status-publish","hentry"],"_links":{"self":[{"href":"https:\/\/smartinformationexperts.org\/index.php?rest_route=\/wp\/v2\/pages\/64"}],"collection":[{"href":"https:\/\/smartinformationexperts.org\/index.php?rest_route=\/wp\/v2\/pages"}],"about":[{"href":"https:\/\/smartinformationexperts.org\/index.php?rest_route=\/wp\/v2\/types\/page"}],"author":[{"embeddable":true,"href":"https:\/\/smartinformationexperts.org\/index.php?rest_route=\/wp\/v2\/users\/1"}],"replies":[{"embeddable":true,"href":"https:\/\/smartinformationexperts.org\/index.php?rest_route=%2Fwp%2Fv2%2Fcomments&post=64"}],"version-history":[{"count":22,"href":"https:\/\/smartinformationexperts.org\/index.php?rest_route=\/wp\/v2\/pages\/64\/revisions"}],"predecessor-version":[{"id":169,"href":"https:\/\/smartinformationexperts.org\/index.php?rest_route=\/wp\/v2\/pages\/64\/revisions\/169"}],"wp:attachment":[{"href":"https:\/\/smartinformationexperts.org\/index.php?rest_route=%2Fwp%2Fv2%2Fmedia&parent=64"}],"curies":[{"name":"wp","href":"https:\/\/api.w.org\/{rel}","templated":true}]}}